{"id":416,"date":"2013-05-28T18:45:53","date_gmt":"2013-05-28T16:45:53","guid":{"rendered":"http:\/\/margot-fischer.net\/?page_id=416"},"modified":"2013-05-28T18:45:53","modified_gmt":"2013-05-28T16:45:53","slug":"buchweizenlaibchen-mit-lauch-und-glacierten-karotten","status":"publish","type":"page","link":"https:\/\/margot-fischer.net\/?page_id=416","title":{"rendered":"Buchweizenlaibchen mit Lauch und glacierten Karotten"},"content":{"rendered":"<p>250 g Buchweizen<br \/>\n2 Stangen Lauch in Ringe geschnitten<br \/>\n4 EL \u00d6l<br \/>\n2 Eier<br \/>\n1 Prise Salz<br \/>\n1 kr\u00e4ftige Prise Pfeffer<br \/>\n500 g Karotten in Scheiben<br \/>\n4 EL Butter<br \/>\n1 Prise frisch geriebene Muskatnuss oder Ingwer<br \/>\n1 Prise Rohzucker oder 1 TL Honig<br \/>\n2 EL Schnittlauch zum Bestreuen<\/p>\n<p>Wasche den Buchweizen, koche ihn mit 500 ml Wasser 20 Minuten.<br \/>\nBrate den Lauch in etwas \u00d6l an und r\u00fchre ihn mit den Eiern, Salz und Pfeffer in den Buchweizen. Forme aus der Masse Laibchen und brate sie in \u00d6l beidseits knusprig.<br \/>\nD\u00fcnste die Karotten in der Butter mit dem Zucker oder Honig bei sehr milder Hitze unter gelegentlichem R\u00fchren zugedeckt etwa 20 Minuten. Mische sie vor dem Servieren mit etwas Salz und Muskatnuss oder geriebenem Ingwer und streue Schnittlauchr\u00f6llchen dar\u00fcber.<\/p>\n","protected":false},"excerpt":{"rendered":"<p>250 g Buchweizen 2 Stangen Lauch in Ringe geschnitten 4 EL \u00d6l 2 Eier 1 Prise Salz 1 kr\u00e4ftige Prise Pfeffer 500 g Karotten in Scheiben 4 EL Butter 1 Prise frisch geriebene Muskatnuss oder Ingwer 1 Prise Rohzucker oder &hellip; <a href=\"https:\/\/margot-fischer.net\/?page_id=416\">Weiterlesen <span class=\"meta-nav\">&rarr;<\/span><\/a><\/p>\n","protected":false},"author":1,"featured_media":417,"parent":249,"menu_order":0,"comment_status":"closed","ping_status":"closed","template":"","meta":[],"_links":{"self":[{"href":"https:\/\/margot-fischer.net\/index.php?rest_route=\/wp\/v2\/pages\/416"}],"collection":[{"href":"https:\/\/margot-fischer.net\/index.php?rest_route=\/wp\/v2\/pages"}],"about":[{"href":"https:\/\/margot-fischer.net\/index.php?rest_route=\/wp\/v2\/types\/page"}],"author":[{"embeddable":true,"href":"https:\/\/margot-fischer.net\/index.php?rest_route=\/wp\/v2\/users\/1"}],"replies":[{"embeddable":true,"href":"https:\/\/margot-fischer.net\/index.php?rest_route=%2Fwp%2Fv2%2Fcomments&post=416"}],"version-history":[{"count":1,"href":"https:\/\/margot-fischer.net\/index.php?rest_route=\/wp\/v2\/pages\/416\/revisions"}],"predecessor-version":[{"id":418,"href":"https:\/\/margot-fischer.net\/index.php?rest_route=\/wp\/v2\/pages\/416\/revisions\/418"}],"up":[{"embeddable":true,"href":"https:\/\/margot-fischer.net\/index.php?rest_route=\/wp\/v2\/pages\/249"}],"wp:featuredmedia":[{"embeddable":true,"href":"https:\/\/margot-fischer.net\/index.php?rest_route=\/wp\/v2\/media\/417"}],"wp:attachment":[{"href":"https:\/\/margot-fischer.net\/index.php?rest_route=%2Fwp%2Fv2%2Fmedia&parent=416"}],"curies":[{"name":"wp","href":"https:\/\/api.w.org\/{rel}","templated":true}]}}