{"id":435,"date":"2013-06-28T00:08:00","date_gmt":"2013-06-27T22:08:00","guid":{"rendered":"http:\/\/margot-fischer.net\/?page_id=435"},"modified":"2013-06-28T00:09:26","modified_gmt":"2013-06-27T22:09:26","slug":"nusswurfel","status":"publish","type":"page","link":"https:\/\/margot-fischer.net\/?page_id=435","title":{"rendered":"Nussw\u00fcrfel"},"content":{"rendered":"<p>150 g Quinoa<br \/>\n1 Prise Salz<br \/>\n100 g fein gehackte N\u00fcsse<br \/>\n3 EL Honig<br \/>\n1 Prise gemahlener Zimt<br \/>\n1 EL Bl\u00fcten oder zartw\u00fcrzige Bl\u00e4ttchen nach Wahl<\/p>\n<p>Koche den Quinoa in 450 ml Wasser mit einer Prise Salz zugedeckt bei milder Hitze 20 Minuten.<br \/>\nR\u00fchre die N\u00fcsse, Honig sowie Zimt ein und f\u00fclle die Masse in kleine F\u00f6rmchen oder streiche sie fingerdick auf ein mit Backpergament belegtes Blech.<br \/>\nLasse die F\u00f6rmchen gut abk\u00fchlen bevor du sie auf Teller st\u00fcrzt.<br \/>\nDu kannst die W\u00fcrfel auch mit Fruchtsaucen servieren oder mit w\u00fcrzigem Chutney.<\/p>\n","protected":false},"excerpt":{"rendered":"<p>150 g Quinoa 1 Prise Salz 100 g fein gehackte N\u00fcsse 3 EL Honig 1 Prise gemahlener Zimt 1 EL Bl\u00fcten oder zartw\u00fcrzige Bl\u00e4ttchen nach Wahl Koche den Quinoa in 450 ml Wasser mit einer Prise Salz zugedeckt bei milder &hellip; <a href=\"https:\/\/margot-fischer.net\/?page_id=435\">Weiterlesen <span class=\"meta-nav\">&rarr;<\/span><\/a><\/p>\n","protected":false},"author":1,"featured_media":436,"parent":156,"menu_order":0,"comment_status":"closed","ping_status":"closed","template":"","meta":[],"_links":{"self":[{"href":"https:\/\/margot-fischer.net\/index.php?rest_route=\/wp\/v2\/pages\/435"}],"collection":[{"href":"https:\/\/margot-fischer.net\/index.php?rest_route=\/wp\/v2\/pages"}],"about":[{"href":"https:\/\/margot-fischer.net\/index.php?rest_route=\/wp\/v2\/types\/page"}],"author":[{"embeddable":true,"href":"https:\/\/margot-fischer.net\/index.php?rest_route=\/wp\/v2\/users\/1"}],"replies":[{"embeddable":true,"href":"https:\/\/margot-fischer.net\/index.php?rest_route=%2Fwp%2Fv2%2Fcomments&post=435"}],"version-history":[{"count":2,"href":"https:\/\/margot-fischer.net\/index.php?rest_route=\/wp\/v2\/pages\/435\/revisions"}],"predecessor-version":[{"id":438,"href":"https:\/\/margot-fischer.net\/index.php?rest_route=\/wp\/v2\/pages\/435\/revisions\/438"}],"up":[{"embeddable":true,"href":"https:\/\/margot-fischer.net\/index.php?rest_route=\/wp\/v2\/pages\/156"}],"wp:featuredmedia":[{"embeddable":true,"href":"https:\/\/margot-fischer.net\/index.php?rest_route=\/wp\/v2\/media\/436"}],"wp:attachment":[{"href":"https:\/\/margot-fischer.net\/index.php?rest_route=%2Fwp%2Fv2%2Fmedia&parent=435"}],"curies":[{"name":"wp","href":"https:\/\/api.w.org\/{rel}","templated":true}]}}