{"id":444,"date":"2013-07-12T14:39:40","date_gmt":"2013-07-12T12:39:40","guid":{"rendered":"http:\/\/margot-fischer.net\/?page_id=444"},"modified":"2013-07-12T14:47:18","modified_gmt":"2013-07-12T12:47:18","slug":"sachertorte-nach-urgrosmutters-rezept","status":"publish","type":"page","link":"https:\/\/margot-fischer.net\/?page_id=444","title":{"rendered":"Sachertorte nach Urgro\u00dfmutters Rezept oder schokoladige Petits Fours"},"content":{"rendered":"<p>280 g Butter<br \/>\n280 g Feinkristallzucker<br \/>\n280 g gute Kochschokolade geschmolzen<br \/>\n8 Eier<br \/>\n200 g Weizenmehl<br \/>\n2 TL Butter und 2 EL Mehl f\u00fcr die Formen<br \/>\n100 g sehr gute Marillenmarmelade (Aprikosenkonfit\u00fcre)<br \/>\n6 EL sehr guter Rum oder Weinbrand<\/p>\n<p>F\u00fcr die Glasur 200 g gute Kochschokolade und 2 EL Butter<\/p>\n<p>Als Dekor 100 ml Schlagobers (Schlagsahne) mit Vanilleschotenmark<\/p>\n<p>Alle Zutaten sollten Zimmertemperatur haben.<\/p>\n<p>Fette zwei Springformen und staube sie mit Mehl aus.<br \/>\nSchlage die Eiklar halbfest bevor du 140 g Feinkristallzucker einschl\u00e4gst.<br \/>\nR\u00fchre die Butterschaumig und schlage sie mit dem restlichen Staubzucker auf. R\u00fchre die Dotter ein.<br \/>\nNach und nach kommt nun die temperierte Schokolade in die Dottermasse.<br \/>\nR\u00fchre die H\u00e4lfte des Eischnees ein. Hebe den restlichen Schnee zart unter.<br \/>\nF\u00fclle die Masse in die Formen und backe sie im nicht vorgeheizten Rohr bei 150\u00b0C<br \/>\nMache nach etwa 70 Minuten eine Nadelprobe und backe bei Bedarf die Formen weiter.<br \/>\nLasse die fertig gebackenen Formen im abgeschalteten Rohr bei ge\u00f6ffneter T\u00fcr 10 Minuten stehen.<br \/>\nHebe die Formen aus dem Rohr und lasse sie fertig abk\u00fchlen.<br \/>\nL\u00f6se mit einem Messer die Tortenb\u00f6den vom Rand der Form und st\u00fcrze einen der B\u00f6den auf einen Teller.<br \/>\nBetr\u00e4ufle den Teig mit 2 Essl\u00f6ffeln Rum oder Weinbrand und streiche ein gutes Drittel der Marmelade auf den Boden und st\u00fcrze den zweiten Boden darauf.<br \/>\nTr\u00e4ufle einen Teil des restlichen Rums oder Weinbrand auf die Torte und streiche den restlichen Rum mit einem Backpinsel auf die Seitenfl\u00e4che.<br \/>\nBestreiche die gesamte Au\u00dfenfl\u00e4che der Torte mit der restlichen Marmelade.<br \/>\nF\u00fcr die Glasur schmelze die Schokolade mit der Butter und gie\u00dfe die Masse \u00fcber die Torte.<br \/>\nHerabrinnende Glasur streichst du mit einem breiten Messer oder einer Konditorpalette auf die Seitenfl\u00e4che.<br \/>\nDie Torte sollte nicht gek\u00fchlt werden und schmeckt am n\u00e4chsten Tag noch besser.<br \/>\nServiere die Torte mit einem Tupf geschlagenem Vanilleobers.<br \/>\nBesonders fein schmeckt die Glasur, wenn Du 1 Essl\u00f6ffel sehr starken Mokka einr\u00fchrst.<\/p>\n","protected":false},"excerpt":{"rendered":"<p>280 g Butter 280 g Feinkristallzucker 280 g gute Kochschokolade geschmolzen 8 Eier 200 g Weizenmehl 2 TL Butter und 2 EL Mehl f\u00fcr die Formen 100 g sehr gute Marillenmarmelade (Aprikosenkonfit\u00fcre) 6 EL sehr guter Rum oder Weinbrand F\u00fcr &hellip; <a href=\"https:\/\/margot-fischer.net\/?page_id=444\">Weiterlesen <span class=\"meta-nav\">&rarr;<\/span><\/a><\/p>\n","protected":false},"author":1,"featured_media":446,"parent":156,"menu_order":0,"comment_status":"closed","ping_status":"closed","template":"","meta":[],"_links":{"self":[{"href":"https:\/\/margot-fischer.net\/index.php?rest_route=\/wp\/v2\/pages\/444"}],"collection":[{"href":"https:\/\/margot-fischer.net\/index.php?rest_route=\/wp\/v2\/pages"}],"about":[{"href":"https:\/\/margot-fischer.net\/index.php?rest_route=\/wp\/v2\/types\/page"}],"author":[{"embeddable":true,"href":"https:\/\/margot-fischer.net\/index.php?rest_route=\/wp\/v2\/users\/1"}],"replies":[{"embeddable":true,"href":"https:\/\/margot-fischer.net\/index.php?rest_route=%2Fwp%2Fv2%2Fcomments&post=444"}],"version-history":[{"count":2,"href":"https:\/\/margot-fischer.net\/index.php?rest_route=\/wp\/v2\/pages\/444\/revisions"}],"predecessor-version":[{"id":447,"href":"https:\/\/margot-fischer.net\/index.php?rest_route=\/wp\/v2\/pages\/444\/revisions\/447"}],"up":[{"embeddable":true,"href":"https:\/\/margot-fischer.net\/index.php?rest_route=\/wp\/v2\/pages\/156"}],"wp:featuredmedia":[{"embeddable":true,"href":"https:\/\/margot-fischer.net\/index.php?rest_route=\/wp\/v2\/media\/446"}],"wp:attachment":[{"href":"https:\/\/margot-fischer.net\/index.php?rest_route=%2Fwp%2Fv2%2Fmedia&parent=444"}],"curies":[{"name":"wp","href":"https:\/\/api.w.org\/{rel}","templated":true}]}}