{"id":461,"date":"2013-08-24T16:03:55","date_gmt":"2013-08-24T14:03:55","guid":{"rendered":"http:\/\/margot-fischer.net\/?page_id=461"},"modified":"2014-02-28T19:11:35","modified_gmt":"2014-02-28T17:11:35","slug":"zwiebelgemuese-mit-erbsen4-portionen","status":"publish","type":"page","link":"https:\/\/margot-fischer.net\/?page_id=461","title":{"rendered":"Zwiebelgem\u00fcse mit Erbsen"},"content":{"rendered":"<p>4 Portionen<\/p>\n<p>12-14 Zwiebeln mit 2-3 cm Durchmesser<br \/>\n600 g Erbsen<br \/>\n300 ml Milch<br \/>\n150 ml Obers<br \/>\n60 g Butter<br \/>\nSalz, wei\u00dfer Pfeffer, Muskat<\/p>\n<p>Zwiebeln in einem Topf mit Wasser bedeckt etwa 20 Minuten kochen. Abtropfen lassen, das Kochwasser aufheben.<\/p>\n<p>Frische gr\u00fcne Erbsen 8 \u2013 10 Minuten garen, danach kurz in Eiswasser tauchen, um die Farbe zu erhalten. Danach abtropfen lassen. Tiefgek\u00fchlte Erbsen einfach auftauen lassen.<\/p>\n<p>Butter und Mehl anschwitzen, mit dem Kochwasser unter st\u00e4ndigem R\u00fchren mit dem Schneebesen aufgie\u00dfen.<\/p>\n<p>Milch und Obers hinzuf\u00fcgen und die Mischung unter st\u00e4ndigem Schlagen kochen, bis die Fl\u00fcssigkeit eine s\u00e4mige Konsistenz erreicht.<\/p>\n<p>3-4 Minuten ziehen lassen, damit der Mehlgeschmack schwindet.<\/p>\n<p>Mit Salz, frisch gemahlenem wei\u00dfem Pfeffer und frisch gemahlener Muskatnu\u00df abschmecken.<\/p>\n<p>Zwiebel und Erbsen etwa 5 Minuten in der Creme w\u00e4rmen.<\/p>\n<p>Variationen:<br \/>\nChampignons mitd\u00fcnsten, ger\u00f6stete Sonnenblumenkerne dar\u00fcberstreuen<\/p>\n","protected":false},"excerpt":{"rendered":"<p>4 Portionen 12-14 Zwiebeln mit 2-3 cm Durchmesser 600 g Erbsen 300 ml Milch 150 ml Obers 60 g Butter Salz, wei\u00dfer Pfeffer, Muskat Zwiebeln in einem Topf mit Wasser bedeckt etwa 20 Minuten kochen. Abtropfen lassen, das Kochwasser aufheben. &hellip; <a href=\"https:\/\/margot-fischer.net\/?page_id=461\">Weiterlesen <span class=\"meta-nav\">&rarr;<\/span><\/a><\/p>\n","protected":false},"author":1,"featured_media":462,"parent":249,"menu_order":0,"comment_status":"closed","ping_status":"closed","template":"","meta":[],"_links":{"self":[{"href":"https:\/\/margot-fischer.net\/index.php?rest_route=\/wp\/v2\/pages\/461"}],"collection":[{"href":"https:\/\/margot-fischer.net\/index.php?rest_route=\/wp\/v2\/pages"}],"about":[{"href":"https:\/\/margot-fischer.net\/index.php?rest_route=\/wp\/v2\/types\/page"}],"author":[{"embeddable":true,"href":"https:\/\/margot-fischer.net\/index.php?rest_route=\/wp\/v2\/users\/1"}],"replies":[{"embeddable":true,"href":"https:\/\/margot-fischer.net\/index.php?rest_route=%2Fwp%2Fv2%2Fcomments&post=461"}],"version-history":[{"count":2,"href":"https:\/\/margot-fischer.net\/index.php?rest_route=\/wp\/v2\/pages\/461\/revisions"}],"predecessor-version":[{"id":539,"href":"https:\/\/margot-fischer.net\/index.php?rest_route=\/wp\/v2\/pages\/461\/revisions\/539"}],"up":[{"embeddable":true,"href":"https:\/\/margot-fischer.net\/index.php?rest_route=\/wp\/v2\/pages\/249"}],"wp:featuredmedia":[{"embeddable":true,"href":"https:\/\/margot-fischer.net\/index.php?rest_route=\/wp\/v2\/media\/462"}],"wp:attachment":[{"href":"https:\/\/margot-fischer.net\/index.php?rest_route=%2Fwp%2Fv2%2Fmedia&parent=461"}],"curies":[{"name":"wp","href":"https:\/\/api.w.org\/{rel}","templated":true}]}}