{"id":494,"date":"2013-11-03T23:41:56","date_gmt":"2013-11-03T21:41:56","guid":{"rendered":"http:\/\/margot-fischer.net\/?page_id=494"},"modified":"2013-11-03T23:47:34","modified_gmt":"2013-11-03T21:47:34","slug":"almkraeuterkekse","status":"publish","type":"page","link":"https:\/\/margot-fischer.net\/?page_id=494","title":{"rendered":"Almkr\u00e4uterkekse"},"content":{"rendered":"<p>200 g Weizenmehl<br \/>\n50 g Vollrohrzucker<br \/>\n2 TL Quendel<br \/>\n1 TL M\u00e4des\u00fc\u00dfbl\u00fcten<br \/>\n1 Msp gemahlene Kalmuswurzel oder Zimt<br \/>\n1 zarte Prise Salz<br \/>\n125 g Butter<br \/>\n1 Eigelb <\/p>\n<p>Glasur<br \/>\n120 g Staubzucker<br \/>\nSaft von 1 Zitrone oder Orange oder 2 Mandarinen<\/p>\n<p>Essbare Bl\u00fcten zum Bestreuen<\/p>\n<p>Mische die trockenen Zutaten.<br \/>\nBr\u00f6sle die Butter rasch ein.<br \/>\nArbeite flott das Eigelb in den Teig und lasse ihn 60 Minuten k\u00fchl rasten.<br \/>\nBelege ein Backblech mit Backpergament. Heize das Backrohr auf 170\u00b0C auf.<br \/>\nRolle den Teig gleichm\u00e4\u00dfig etwa messerr\u00fcckendick aus.<br \/>\nSteche beliebige Formen aus und backe die Kekse etwa 15 Minuten lang licht.<\/p>\n<p>F\u00fcr die Glasur verr\u00fchre den Zucker mit dem Zitrussaft.<br \/>\n\u00dcberziehe die Kekse mit einer d\u00fcnnen Schicht Glasur.<\/p>\n<p>Streue die Bl\u00fcten in die noch feuchte Glasur.<\/p>\n<p>Lasse die Kekse gut trocknen bevor Du sie in ein dicht schlie\u00dfendes Gef\u00e4\u00df zur Lagerung schlichtest &#8211; sofern Du Kekse f\u00fcr den Vorrat zu retten vermagst.<\/p>\n","protected":false},"excerpt":{"rendered":"<p>200 g Weizenmehl 50 g Vollrohrzucker 2 TL Quendel 1 TL M\u00e4des\u00fc\u00dfbl\u00fcten 1 Msp gemahlene Kalmuswurzel oder Zimt 1 zarte Prise Salz 125 g Butter 1 Eigelb Glasur 120 g Staubzucker Saft von 1 Zitrone oder Orange oder 2 Mandarinen &hellip; <a href=\"https:\/\/margot-fischer.net\/?page_id=494\">Weiterlesen <span class=\"meta-nav\">&rarr;<\/span><\/a><\/p>\n","protected":false},"author":1,"featured_media":497,"parent":53,"menu_order":0,"comment_status":"closed","ping_status":"closed","template":"","meta":[],"_links":{"self":[{"href":"https:\/\/margot-fischer.net\/index.php?rest_route=\/wp\/v2\/pages\/494"}],"collection":[{"href":"https:\/\/margot-fischer.net\/index.php?rest_route=\/wp\/v2\/pages"}],"about":[{"href":"https:\/\/margot-fischer.net\/index.php?rest_route=\/wp\/v2\/types\/page"}],"author":[{"embeddable":true,"href":"https:\/\/margot-fischer.net\/index.php?rest_route=\/wp\/v2\/users\/1"}],"replies":[{"embeddable":true,"href":"https:\/\/margot-fischer.net\/index.php?rest_route=%2Fwp%2Fv2%2Fcomments&post=494"}],"version-history":[{"count":1,"href":"https:\/\/margot-fischer.net\/index.php?rest_route=\/wp\/v2\/pages\/494\/revisions"}],"predecessor-version":[{"id":496,"href":"https:\/\/margot-fischer.net\/index.php?rest_route=\/wp\/v2\/pages\/494\/revisions\/496"}],"up":[{"embeddable":true,"href":"https:\/\/margot-fischer.net\/index.php?rest_route=\/wp\/v2\/pages\/53"}],"wp:featuredmedia":[{"embeddable":true,"href":"https:\/\/margot-fischer.net\/index.php?rest_route=\/wp\/v2\/media\/497"}],"wp:attachment":[{"href":"https:\/\/margot-fischer.net\/index.php?rest_route=%2Fwp%2Fv2%2Fmedia&parent=494"}],"curies":[{"name":"wp","href":"https:\/\/api.w.org\/{rel}","templated":true}]}}