{"id":498,"date":"2013-11-03T23:50:28","date_gmt":"2013-11-03T21:50:28","guid":{"rendered":"http:\/\/margot-fischer.net\/?page_id=498"},"modified":"2013-11-03T23:50:28","modified_gmt":"2013-11-03T21:50:28","slug":"bergheucracker","status":"publish","type":"page","link":"https:\/\/margot-fischer.net\/?page_id=498","title":{"rendered":"Bergheucracker"},"content":{"rendered":"<p>100 g feinst gemahlenes Bergheu<br \/>\n200 g Roggenmehl<br \/>\n100 g Weizenmehl<br \/>\n30 g Germ<br \/>\n1 TL Waldhonig<br \/>\n250 ml Milch<br \/>\n100 ml sehr gutes \u00d6l<br \/>\n1 TL Quendel<br \/>\n1 knapper TL Salz<br \/>\n1 Prise frisch gemahlene Muskatnuss<br \/>\nEtwas Mehl f\u00fcr die Arbeitsfl\u00e4che<br \/>\nBergheusalz zum Bestreuen<\/p>\n<p>Mische das Heu mit dem Mehl und den Gew\u00fcrzen.<br \/>\nL\u00f6se Germ und Honig in der lauwarmen Milch auf und lasse dieses Dampfl aufgehen.<br \/>\nKnete das \u00d6l in die Mehlmischung und arbeite sodann das Dampfl ein.<br \/>\nLasse den Teig zugedeckt auf das doppelte Volumen aufgehen.<br \/>\nKnete den Teig nochmals kurz durch.<br \/>\nRolle den Teig m\u00f6glichst d\u00fcnn auf bemehlter Arbeitsfl\u00e4che aus.<br \/>\nBelege Backbleche mit Backpergament. Heize das Backrohr auf 180\u00b0C vor.<br \/>\nSchneide die Teigplatte mit einem Teigrad in Quadrate, Rechtecke oder Rauten.<br \/>\nBacke die Kekse etwa 15 Minuten knusprig und w\u00e4lze sie noch hei\u00df im Bergheusalz.<br \/>\nF\u00fclle die Kekse nach dem Abk\u00fchlen in luftdichte Beh\u00e4lter \u2013 m\u00f6glichst nicht aus Kunststoff.*<br \/>\nDie Kekse halten an einem k\u00fchlen und dunklen Ort gelagert mindestens 2 Monate.<\/p>\n","protected":false},"excerpt":{"rendered":"<p>100 g feinst gemahlenes Bergheu 200 g Roggenmehl 100 g Weizenmehl 30 g Germ 1 TL Waldhonig 250 ml Milch 100 ml sehr gutes \u00d6l 1 TL Quendel 1 knapper TL Salz 1 Prise frisch gemahlene Muskatnuss Etwas Mehl f\u00fcr &hellip; <a href=\"https:\/\/margot-fischer.net\/?page_id=498\">Weiterlesen <span class=\"meta-nav\">&rarr;<\/span><\/a><\/p>\n","protected":false},"author":1,"featured_media":499,"parent":53,"menu_order":0,"comment_status":"closed","ping_status":"closed","template":"","meta":[],"_links":{"self":[{"href":"https:\/\/margot-fischer.net\/index.php?rest_route=\/wp\/v2\/pages\/498"}],"collection":[{"href":"https:\/\/margot-fischer.net\/index.php?rest_route=\/wp\/v2\/pages"}],"about":[{"href":"https:\/\/margot-fischer.net\/index.php?rest_route=\/wp\/v2\/types\/page"}],"author":[{"embeddable":true,"href":"https:\/\/margot-fischer.net\/index.php?rest_route=\/wp\/v2\/users\/1"}],"replies":[{"embeddable":true,"href":"https:\/\/margot-fischer.net\/index.php?rest_route=%2Fwp%2Fv2%2Fcomments&post=498"}],"version-history":[{"count":1,"href":"https:\/\/margot-fischer.net\/index.php?rest_route=\/wp\/v2\/pages\/498\/revisions"}],"predecessor-version":[{"id":500,"href":"https:\/\/margot-fischer.net\/index.php?rest_route=\/wp\/v2\/pages\/498\/revisions\/500"}],"up":[{"embeddable":true,"href":"https:\/\/margot-fischer.net\/index.php?rest_route=\/wp\/v2\/pages\/53"}],"wp:featuredmedia":[{"embeddable":true,"href":"https:\/\/margot-fischer.net\/index.php?rest_route=\/wp\/v2\/media\/499"}],"wp:attachment":[{"href":"https:\/\/margot-fischer.net\/index.php?rest_route=%2Fwp%2Fv2%2Fmedia&parent=498"}],"curies":[{"name":"wp","href":"https:\/\/api.w.org\/{rel}","templated":true}]}}