{"id":502,"date":"2013-12-07T19:26:01","date_gmt":"2013-12-07T17:26:01","guid":{"rendered":"http:\/\/margot-fischer.net\/?page_id=502"},"modified":"2013-12-07T19:26:01","modified_gmt":"2013-12-07T17:26:01","slug":"souffle-glace-mit-birnen-und-ananassalbeiblueten","status":"publish","type":"page","link":"https:\/\/margot-fischer.net\/?page_id=502","title":{"rendered":"Souffl\u00e9 glac\u00e9 mit Birnen und Ananassalbeibl\u00fcten"},"content":{"rendered":"<p>Zutaten<br \/>\n4 Eier<br \/>\n50 g Feinkristallzucker<br \/>\n50 g Staubzucker (Puderzucker)<br \/>\n350 ml Schlagobers (Schlagsahne)<br \/>\n650 g Birnen gesch\u00e4lt, Kerngeh\u00e4use entfernt<br \/>\n50 g Birnengeist<br \/>\n\u00d6l zum Fetten der Form<br \/>\nWein und Zucker f\u00fcr Garnitur<br \/>\nBl\u00e4tter und Bl\u00fcten des Ananasalbei<\/p>\n<p>Zubereitung<br \/>\nSchlage die Eigelb mit feinem Kristallzucker zu einer hellgelben Masse, in der sich der Zucker vollst\u00e4ndig aufgel\u00f6st hat.<br \/>\nSchlage die Eiwei\u00df mit dem Staubzucker zu sehr steifem Schnee, bevor du die Sch\u00fcssel auf einen Topf mit kochendem Wasser stellst und weitere 5 Minuten schl\u00e4gst, um die Masse locker zu binden. Lasse sie anschlie\u00dfend abk\u00fchlen.<br \/>\nFette eine Form mit einem guten milden \u00d6l ein, stelle sie anschlie\u00dfend umgekehrt auf K\u00fcchenpapier, damit alles \u00fcbersch\u00fcssige \u00d6l ablaufen kann.<br \/>\nSchlage das Schlagobers steif.<br \/>\nP\u00fcriere im Mixer die gesch\u00e4lten und entkernten Birnen.<br \/>\nVerr\u00fchre den Birnengeist mit dem P\u00fcree. (Bereite dieses Birnenmus erst im letzten Augenblick zu, denn es verf\u00e4rbt sich sehr rasch.) Hebe zuerst das Birnenmus unter den festen Eischnee (am besten mit einem Teigschaber), r\u00fchre dann die Eigelbcreme ein und ziehe am Schluss das steif geschlagene Obers darunter.<br \/>\nGie\u00dfe die Masse in die vorbereitete Form und lasse sie mindestens 12 Stunden in der Tiefk\u00fchltruhe zu Eis werden.<br \/>\nSt\u00fcrze das Souffle glac\u00e9 und serviere es mit einer Garnierung aus in Wein-Zucker-Sirup (Zucker und Wein etwa 1:1, angereichert mit den gr\u00fcnen Bl\u00e4ttern von Ananassalbei) glasierten Birnenspalten, ein paar frischen AnanassalbeiBl\u00e4ttchen (des Dufts wegen) und reichlich roten Ananassalbei Bl\u00fcten.<\/p>\n","protected":false},"excerpt":{"rendered":"<p>Zutaten 4 Eier 50 g Feinkristallzucker 50 g Staubzucker (Puderzucker) 350 ml Schlagobers (Schlagsahne) 650 g Birnen gesch\u00e4lt, Kerngeh\u00e4use entfernt 50 g Birnengeist \u00d6l zum Fetten der Form Wein und Zucker f\u00fcr Garnitur Bl\u00e4tter und Bl\u00fcten des Ananasalbei Zubereitung Schlage &hellip; <a href=\"https:\/\/margot-fischer.net\/?page_id=502\">Weiterlesen <span class=\"meta-nav\">&rarr;<\/span><\/a><\/p>\n","protected":false},"author":1,"featured_media":0,"parent":156,"menu_order":0,"comment_status":"open","ping_status":"open","template":"","meta":[],"_links":{"self":[{"href":"https:\/\/margot-fischer.net\/index.php?rest_route=\/wp\/v2\/pages\/502"}],"collection":[{"href":"https:\/\/margot-fischer.net\/index.php?rest_route=\/wp\/v2\/pages"}],"about":[{"href":"https:\/\/margot-fischer.net\/index.php?rest_route=\/wp\/v2\/types\/page"}],"author":[{"embeddable":true,"href":"https:\/\/margot-fischer.net\/index.php?rest_route=\/wp\/v2\/users\/1"}],"replies":[{"embeddable":true,"href":"https:\/\/margot-fischer.net\/index.php?rest_route=%2Fwp%2Fv2%2Fcomments&post=502"}],"version-history":[{"count":1,"href":"https:\/\/margot-fischer.net\/index.php?rest_route=\/wp\/v2\/pages\/502\/revisions"}],"predecessor-version":[{"id":503,"href":"https:\/\/margot-fischer.net\/index.php?rest_route=\/wp\/v2\/pages\/502\/revisions\/503"}],"up":[{"embeddable":true,"href":"https:\/\/margot-fischer.net\/index.php?rest_route=\/wp\/v2\/pages\/156"}],"wp:attachment":[{"href":"https:\/\/margot-fischer.net\/index.php?rest_route=%2Fwp%2Fv2%2Fmedia&parent=502"}],"curies":[{"name":"wp","href":"https:\/\/api.w.org\/{rel}","templated":true}]}}