{"id":526,"date":"2013-12-21T16:03:25","date_gmt":"2013-12-21T14:03:25","guid":{"rendered":"http:\/\/margot-fischer.net\/?page_id=526"},"modified":"2013-12-21T16:07:59","modified_gmt":"2013-12-21T14:07:59","slug":"ananas-salat","status":"publish","type":"page","link":"https:\/\/margot-fischer.net\/?page_id=526","title":{"rendered":"Ananas Salat"},"content":{"rendered":"<p>1 Kopf Friseesalat, 1 Stange Lauch, 8 Cocktailtomaten, 1\/2 Dose Maisk\u00f6rner, 2-3 Scheiben Ananas, 30 g Sonnenblumenkerne ger\u00f6stet<br \/>\n2 Teel\u00f6ffel \u00d6l, 2 Kaffeel\u00f6ffel Sojasauce, 2 Essl\u00f6ffel Sherryessig, etwas Ananassaft, Salz, Pfeffer, krause Petersilie<\/p>\n<p>Lege die Salatbl\u00e4tter auf eine Platte. Drapiere darauf Lauchr\u00f6llchen, Tomatensechstel, Maisk\u00f6rner und Ananas.<\/p>\n<p>R\u00fchre ein Dressing aus \u00d6l, Sojasauce, Essig, Ananassaft, Salz und Pfeffer.<\/p>\n<p>Tr\u00e4ufle das Dressing \u00fcber das Gem\u00fcse und streue Sonnenblumenkerne sowie Petersilie dar\u00fcber.<\/p>\n<p>Schmeckt fein mit Nussbrot.<\/p>\n","protected":false},"excerpt":{"rendered":"<p>1 Kopf Friseesalat, 1 Stange Lauch, 8 Cocktailtomaten, 1\/2 Dose Maisk\u00f6rner, 2-3 Scheiben Ananas, 30 g Sonnenblumenkerne ger\u00f6stet 2 Teel\u00f6ffel \u00d6l, 2 Kaffeel\u00f6ffel Sojasauce, 2 Essl\u00f6ffel Sherryessig, etwas Ananassaft, Salz, Pfeffer, krause Petersilie Lege die Salatbl\u00e4tter auf eine Platte. Drapiere &hellip; <a href=\"https:\/\/margot-fischer.net\/?page_id=526\">Weiterlesen <span class=\"meta-nav\">&rarr;<\/span><\/a><\/p>\n","protected":false},"author":1,"featured_media":527,"parent":249,"menu_order":0,"comment_status":"open","ping_status":"open","template":"","meta":[],"_links":{"self":[{"href":"https:\/\/margot-fischer.net\/index.php?rest_route=\/wp\/v2\/pages\/526"}],"collection":[{"href":"https:\/\/margot-fischer.net\/index.php?rest_route=\/wp\/v2\/pages"}],"about":[{"href":"https:\/\/margot-fischer.net\/index.php?rest_route=\/wp\/v2\/types\/page"}],"author":[{"embeddable":true,"href":"https:\/\/margot-fischer.net\/index.php?rest_route=\/wp\/v2\/users\/1"}],"replies":[{"embeddable":true,"href":"https:\/\/margot-fischer.net\/index.php?rest_route=%2Fwp%2Fv2%2Fcomments&post=526"}],"version-history":[{"count":1,"href":"https:\/\/margot-fischer.net\/index.php?rest_route=\/wp\/v2\/pages\/526\/revisions"}],"predecessor-version":[{"id":528,"href":"https:\/\/margot-fischer.net\/index.php?rest_route=\/wp\/v2\/pages\/526\/revisions\/528"}],"up":[{"embeddable":true,"href":"https:\/\/margot-fischer.net\/index.php?rest_route=\/wp\/v2\/pages\/249"}],"wp:featuredmedia":[{"embeddable":true,"href":"https:\/\/margot-fischer.net\/index.php?rest_route=\/wp\/v2\/media\/527"}],"wp:attachment":[{"href":"https:\/\/margot-fischer.net\/index.php?rest_route=%2Fwp%2Fv2%2Fmedia&parent=526"}],"curies":[{"name":"wp","href":"https:\/\/api.w.org\/{rel}","templated":true}]}}