{"id":53,"date":"2012-08-19T19:37:16","date_gmt":"2012-08-19T17:37:16","guid":{"rendered":"http:\/\/wp11057762.wp371.webpack.hosteurope.de\/.margot-fischer.net\/?page_id=53"},"modified":"2025-02-26T13:44:37","modified_gmt":"2025-02-26T11:44:37","slug":"wildpflanzen","status":"publish","type":"page","link":"https:\/\/margot-fischer.net\/?page_id=53","title":{"rendered":"WILDPFLANZEN"},"content":{"rendered":"\n<figure class=\"wp-block-image size-large is-resized is-style-default\"><img decoding=\"async\" loading=\"lazy\" src=\"http:\/\/margot-fischer.net\/wp-content\/uploads\/2021\/03\/Wilde-Genuesse-699x1024.jpg\" alt=\"\" class=\"wp-image-1364\" width=\"598\" height=\"884\"\/><\/figure>\n\n\n<p><strong><span style=\"color: #99cc00;\">Wildpflanzen sind echte \u00dcberlebensk\u00fcnstler. Sie ben\u00f6tigen weder Pestizide und D\u00fcnger noch Bew\u00e4sserung oder beheizte Glash\u00e4user mit Kunstlicht. Sie sind daher wesentlich reicher an wertvollen Inhaltsstoffen als Zuchtpflanzen und zudem umweltfreundlicher.<\/span><\/strong><\/p>\n<p><strong><span style=\"color: #99cc00;\">Die Seiten in dieser Rubrik verraten ein wenig \u00fcber die vielf\u00e4ltigen Verwendungsm\u00f6glichkeiten.<\/span><\/strong><\/p>\n<p><span style=\"color: #99cc00;\"><strong>Ausf\u00fchrlichere Informationen \u00fcber Aussehen, Geschichte, medizinische und kulinarische Aspekte sowie faszinierende k\u00f6stliche Rezepte finden sich in meinen B\u00fccher <em>Wilde Gen\u00fcsse &#8211; Eine Enzyklop\u00e4die der essbaren Wildpflanzen von Adlerfarn bis Zirbelnuss<\/em> und <em>Essbare Wildpflanzen f\u00fcr Einsteiger<\/em>.<\/strong><\/span><\/p>\n\n\n<figure class=\"wp-block-image size-large\"><img decoding=\"async\" loading=\"lazy\" width=\"734\" height=\"1024\" src=\"http:\/\/margot-fischer.net\/wp-content\/uploads\/2019\/04\/WiPflEinsteiger2019-734x1024.jpg\" alt=\"\" class=\"wp-image-1266\" srcset=\"https:\/\/margot-fischer.net\/wp-content\/uploads\/2019\/04\/WiPflEinsteiger2019-734x1024.jpg 734w, https:\/\/margot-fischer.net\/wp-content\/uploads\/2019\/04\/WiPflEinsteiger2019-215x300.jpg 215w, https:\/\/margot-fischer.net\/wp-content\/uploads\/2019\/04\/WiPflEinsteiger2019-768x1072.jpg 768w, https:\/\/margot-fischer.net\/wp-content\/uploads\/2019\/04\/WiPflEinsteiger2019.jpg 1016w\" sizes=\"(max-width: 734px) 100vw, 734px\" \/><\/figure>\n","protected":false},"excerpt":{"rendered":"<p>Wildpflanzen sind echte \u00dcberlebensk\u00fcnstler. Sie ben\u00f6tigen weder Pestizide und D\u00fcnger noch Bew\u00e4sserung oder beheizte Glash\u00e4user mit Kunstlicht. Sie sind daher wesentlich reicher an wertvollen Inhaltsstoffen als Zuchtpflanzen und zudem umweltfreundlicher. Die Seiten in dieser Rubrik verraten ein wenig \u00fcber die &hellip; <a href=\"https:\/\/margot-fischer.net\/?page_id=53\">Weiterlesen <span class=\"meta-nav\">&rarr;<\/span><\/a><\/p>\n","protected":false},"author":1,"featured_media":1364,"parent":0,"menu_order":0,"comment_status":"open","ping_status":"closed","template":"","meta":[],"_links":{"self":[{"href":"https:\/\/margot-fischer.net\/index.php?rest_route=\/wp\/v2\/pages\/53"}],"collection":[{"href":"https:\/\/margot-fischer.net\/index.php?rest_route=\/wp\/v2\/pages"}],"about":[{"href":"https:\/\/margot-fischer.net\/index.php?rest_route=\/wp\/v2\/types\/page"}],"author":[{"embeddable":true,"href":"https:\/\/margot-fischer.net\/index.php?rest_route=\/wp\/v2\/users\/1"}],"replies":[{"embeddable":true,"href":"https:\/\/margot-fischer.net\/index.php?rest_route=%2Fwp%2Fv2%2Fcomments&post=53"}],"version-history":[{"count":10,"href":"https:\/\/margot-fischer.net\/index.php?rest_route=\/wp\/v2\/pages\/53\/revisions"}],"predecessor-version":[{"id":1826,"href":"https:\/\/margot-fischer.net\/index.php?rest_route=\/wp\/v2\/pages\/53\/revisions\/1826"}],"wp:featuredmedia":[{"embeddable":true,"href":"https:\/\/margot-fischer.net\/index.php?rest_route=\/wp\/v2\/media\/1364"}],"wp:attachment":[{"href":"https:\/\/margot-fischer.net\/index.php?rest_route=%2Fwp%2Fv2%2Fmedia&parent=53"}],"curies":[{"name":"wp","href":"https:\/\/api.w.org\/{rel}","templated":true}]}}