{"id":71,"date":"2012-08-22T18:19:06","date_gmt":"2012-08-22T16:19:06","guid":{"rendered":"http:\/\/wp11057762.wp371.webpack.hosteurope.de\/.margot-fischer.net\/?page_id=71"},"modified":"2022-04-16T15:06:54","modified_gmt":"2022-04-16T13:06:54","slug":"gewohnlicher-schneeball","status":"publish","type":"page","link":"https:\/\/margot-fischer.net\/?page_id=71","title":{"rendered":"Gew\u00f6hnlicher Schneeball"},"content":{"rendered":"\n<p class=\"has-medium-font-size\">Viburnum opulus L.<\/p>\n\n\n\n<div class=\"wp-block-image\"><figure class=\"alignleft size-large is-resized\"><img decoding=\"async\" loading=\"lazy\" src=\"http:\/\/margot-fischer.net\/wp-content\/uploads\/2022\/04\/Schneeball_Gemeiner-791x1024.jpg\" alt=\"\" class=\"wp-image-1582\" width=\"349\" height=\"460\"\/><\/figure><\/div>\n\n\n\n<p><\/p>\n\n\n\n<p class=\"has-text-color has-normal-font-size\" style=\"color:#0b7509\"><em>Synonyma<\/em>: Blutbeer, Drosselbeerstrauch, Gei\u00dfenball, Gemeiner Schneeball, Glasbeere, Herzbeer, Schlangenbeere, Wasserholder, Wasser-Schneeball<\/p>\n\n\n\n<p class=\"has-text-color\" style=\"color:#0b7509\">Der bet\u00f6rende Duft des Pollenkittes zieht unz\u00e4hlige Insekten an mit Ausnahme von Schmetterlingen. Die getrockneten Bl\u00e4tter mischte man fr\u00fcher in den Tabak.<\/p>\n\n\n\n<p class=\"has-text-color\" style=\"color:#0b7509\"><em>Medizinische Eigenschaften<\/em>: vor allem die Rinde wirkt adstringierend, beruhigend, harntreibend und krampfl\u00f6send.<\/p>\n\n\n\n<p class=\"has-text-color\" style=\"color:#0b7509\"><em>M\u00f6gliche unerw\u00fcnschte Wir<\/em><em>kungen. <\/em>die unreifen oder die rohen Beeren in gr\u00f6\u00dferen Mengen k\u00f6nnen Magen- und Darmentz\u00fcndungen hervorrufen. Erhitzen zerst\u00f6rt die Reizstoffe.<\/p>\n\n\n\n<p class=\"has-text-color\" style=\"color:#e70813\"><em>Kulinarische Verwendung<\/em>: die herbw\u00fcrzigen Beeren werden in Osteuropa roh gegessen oder zu Kompott, Marmelade und Gelee verarbeitet.<\/p>\n\n\n\n<p class=\"has-text-color\" style=\"color:#a30017\"><strong>Mohnrahmschmarrn mit Schneeballr\u00f6ster<\/strong><\/p>\n\n\n\n<p class=\"has-text-color\" style=\"color:#a30017\">300 g Schneeballfr\u00fcchte, 40 g Zucker, etwas unbehandelte Orangenschale, 6 cL Cointreau oder Maraschino<\/p>\n\n\n\n<p class=\"has-text-color\" style=\"color:#a30017\">Die Fr\u00fcchte mit dem Zucker 20 Minuten stehen lassen, danach 15 Minuten kochen. Nach dem Abk\u00fchlen mit Orangenschale und Lik\u00f6r mischen. Hei\u00df oder kalt zum Schmarrn servieren.<\/p>\n\n\n\n<p class=\"has-text-color\" style=\"color:#a30017\">500 g Sauerrahm, 4 Eier, 1 Prise Salz, Vanille, etwas unbehandelte Zitronenschale, 90 g Zucker, 140 g Mehl, 50 g Mohn, 3 Essl\u00f6ffel Butter<\/p>\n\n\n\n<p class=\"has-text-color\" style=\"color:#a30017\">Den Backofen auf 180 \u00b0C Ober-\/Unterhitze vorheizen.<\/p>\n\n\n\n<p class=\"has-text-color\" style=\"color:#a30017\">Den Sauerrahm mit Dotter, Salz, Vanille und Zitronenschale mischen.<\/p>\n\n\n\n<p class=\"has-text-color\" style=\"color:#a30017\">Eiklar mit Zucker zu einem cremigen Schnee schlagen. Mehl und Mohn abwechselnd mit dem Schnee unter die Sauerrahmmasse heben.<\/p>\n\n\n\n<p class=\"has-text-color\" style=\"color:#a30017\">In einer schweren Pfanne mit feuerfestem Griff die Butter erhitzen, die Schmarrnmasse hineingie\u00dfen und etwas anbraten. Die Pfanne ins Rohr stellen und den Schmarrn backen, bis die Unterseite goldbraun ist. Den Teig wenden und die zweite Seite ebenfalls goldbraun backen. Die Pfanne aus dem Rohr nehmen und den Schmarrn mit zwei Gabeln zerzupfen.<\/p>\n\n\n\n<p class=\"has-text-color\" style=\"color:#a30017\">Den Schmarrn mit dem Schneeballr\u00f6ster sofort servieren. Nach Wunsch mit Staubzucker bestreuen.<\/p>\n","protected":false},"excerpt":{"rendered":"<p>Viburnum opulus L. Synonyma: Blutbeer, Drosselbeerstrauch, Gei\u00dfenball, Gemeiner Schneeball, Glasbeere, Herzbeer, Schlangenbeere, Wasserholder, Wasser-Schneeball Der bet\u00f6rende Duft des Pollenkittes zieht unz\u00e4hlige Insekten an mit Ausnahme von Schmetterlingen. Die getrockneten Bl\u00e4tter mischte man fr\u00fcher in den Tabak. Medizinische Eigenschaften: vor allem &hellip; <a href=\"https:\/\/margot-fischer.net\/?page_id=71\">Weiterlesen <span class=\"meta-nav\">&rarr;<\/span><\/a><\/p>\n","protected":false},"author":1,"featured_media":1582,"parent":53,"menu_order":0,"comment_status":"open","ping_status":"open","template":"","meta":[],"_links":{"self":[{"href":"https:\/\/margot-fischer.net\/index.php?rest_route=\/wp\/v2\/pages\/71"}],"collection":[{"href":"https:\/\/margot-fischer.net\/index.php?rest_route=\/wp\/v2\/pages"}],"about":[{"href":"https:\/\/margot-fischer.net\/index.php?rest_route=\/wp\/v2\/types\/page"}],"author":[{"embeddable":true,"href":"https:\/\/margot-fischer.net\/index.php?rest_route=\/wp\/v2\/users\/1"}],"replies":[{"embeddable":true,"href":"https:\/\/margot-fischer.net\/index.php?rest_route=%2Fwp%2Fv2%2Fcomments&post=71"}],"version-history":[{"count":7,"href":"https:\/\/margot-fischer.net\/index.php?rest_route=\/wp\/v2\/pages\/71\/revisions"}],"predecessor-version":[{"id":1587,"href":"https:\/\/margot-fischer.net\/index.php?rest_route=\/wp\/v2\/pages\/71\/revisions\/1587"}],"up":[{"embeddable":true,"href":"https:\/\/margot-fischer.net\/index.php?rest_route=\/wp\/v2\/pages\/53"}],"wp:featuredmedia":[{"embeddable":true,"href":"https:\/\/margot-fischer.net\/index.php?rest_route=\/wp\/v2\/media\/1582"}],"wp:attachment":[{"href":"https:\/\/margot-fischer.net\/index.php?rest_route=%2Fwp%2Fv2%2Fmedia&parent=71"}],"curies":[{"name":"wp","href":"https:\/\/api.w.org\/{rel}","templated":true}]}}