{"id":92,"date":"2012-08-24T20:08:33","date_gmt":"2012-08-24T18:08:33","guid":{"rendered":"http:\/\/wp11057762.wp371.webpack.hosteurope.de\/.margot-fischer.net\/?page_id=92"},"modified":"2014-06-30T20:00:05","modified_gmt":"2014-06-30T18:00:05","slug":"kochbucher","status":"publish","type":"page","link":"https:\/\/margot-fischer.net\/?page_id=92","title":{"rendered":"Kochb\u00fccher"},"content":{"rendered":"<p>Meine Kochb\u00fccher sind mehr als Rezeptsammlungen.<\/p>\n<p>Sie bieten Einblicke in die Kulturgeschichte und liefern zudem wertvolle Informationen \u00fcber die Eigenschaften der Zutaten<\/p>\n<p>Die Kinderkochb\u00fccher zeigen, wie schon die Kleinsten gefahrlos bei der raschen Zubereitung der gesunden K\u00f6stlichkeiten mitmachen k\u00f6nnen. Tipps f\u00fcr Feste und spielerisches Erlernen des Umganges mit Nahrungsmitteln zum Erhalt der wertvollen Inhaltsstoffe machen meine B\u00fccher zu verl\u00e4sslichen Helfern &#8211; auch f\u00fcr viele Erwachsene.<\/p>\n<p><a href=\"http:\/\/margot-fischer.net\/wp-content\/uploads\/2012\/08\/Bayou3.png\"><img decoding=\"async\" loading=\"lazy\" class=\"aligncenter size-thumbnail wp-image-623\" alt=\"Bayou3\" src=\"http:\/\/margot-fischer.net\/wp-content\/uploads\/2012\/08\/Bayou3-150x150.png\" width=\"150\" height=\"150\" \/><\/a><a href=\"http:\/\/margot-fischer.net\/wp-content\/uploads\/2014\/03\/DurchsWildeJahr.jpg\"><img decoding=\"async\" loading=\"lazy\" class=\"aligncenter size-thumbnail wp-image-677\" alt=\"DurchsWildeJahr\" src=\"http:\/\/margot-fischer.net\/wp-content\/uploads\/2014\/03\/DurchsWildeJahr-150x150.jpg\" width=\"150\" height=\"150\" srcset=\"https:\/\/margot-fischer.net\/wp-content\/uploads\/2014\/03\/DurchsWildeJahr-150x150.jpg 150w, https:\/\/margot-fischer.net\/wp-content\/uploads\/2014\/03\/DurchsWildeJahr.jpg 198w\" sizes=\"(max-width: 150px) 100vw, 150px\" \/><\/a><a href=\"http:\/\/margot-fischer.net\/wp-content\/uploads\/2012\/08\/Cover.jpg\"><img decoding=\"async\" loading=\"lazy\" class=\"aligncenter size-thumbnail wp-image-83\" alt=\"!!Cover\" src=\"http:\/\/margot-fischer.net\/wp-content\/uploads\/2012\/08\/Cover-150x150.jpg\" width=\"150\" height=\"150\" srcset=\"https:\/\/margot-fischer.net\/wp-content\/uploads\/2012\/08\/Cover-150x150.jpg 150w, https:\/\/margot-fischer.net\/wp-content\/uploads\/2012\/08\/Cover.jpg 228w\" sizes=\"(max-width: 150px) 100vw, 150px\" \/><\/a><a href=\"http:\/\/margot-fischer.net\/wp-content\/uploads\/2012\/08\/Cover_Winnetou.gif\"><img decoding=\"async\" loading=\"lazy\" class=\"aligncenter size-thumbnail wp-image-85\" alt=\"!Cover_Winnetou\" src=\"http:\/\/margot-fischer.net\/wp-content\/uploads\/2012\/08\/Cover_Winnetou-150x150.gif\" width=\"150\" height=\"150\" srcset=\"https:\/\/margot-fischer.net\/wp-content\/uploads\/2012\/08\/Cover_Winnetou-150x150.gif 150w, https:\/\/margot-fischer.net\/wp-content\/uploads\/2012\/08\/Cover_Winnetou.gif 180w\" sizes=\"(max-width: 150px) 100vw, 150px\" \/><\/a><a href=\"http:\/\/margot-fischer.net\/wp-content\/uploads\/2012\/08\/Wilde-Gen\u00fcsse.png\"><img decoding=\"async\" loading=\"lazy\" class=\"aligncenter size-thumbnail wp-image-47\" alt=\"Wilde Gen\u00fcsse\" src=\"http:\/\/margot-fischer.net\/wp-content\/uploads\/2012\/08\/Wilde-Gen\u00fcsse-150x150.png\" width=\"150\" height=\"150\" \/><\/a><\/p>\n","protected":false},"excerpt":{"rendered":"<p>Meine Kochb\u00fccher sind mehr als Rezeptsammlungen. Sie bieten Einblicke in die Kulturgeschichte und liefern zudem wertvolle Informationen \u00fcber die Eigenschaften der Zutaten Die Kinderkochb\u00fccher zeigen, wie schon die Kleinsten gefahrlos bei der raschen Zubereitung der gesunden K\u00f6stlichkeiten mitmachen k\u00f6nnen. Tipps &hellip; <a href=\"https:\/\/margot-fischer.net\/?page_id=92\">Weiterlesen <span class=\"meta-nav\">&rarr;<\/span><\/a><\/p>\n","protected":false},"author":1,"featured_media":0,"parent":87,"menu_order":0,"comment_status":"closed","ping_status":"open","template":"","meta":[],"_links":{"self":[{"href":"https:\/\/margot-fischer.net\/index.php?rest_route=\/wp\/v2\/pages\/92"}],"collection":[{"href":"https:\/\/margot-fischer.net\/index.php?rest_route=\/wp\/v2\/pages"}],"about":[{"href":"https:\/\/margot-fischer.net\/index.php?rest_route=\/wp\/v2\/types\/page"}],"author":[{"embeddable":true,"href":"https:\/\/margot-fischer.net\/index.php?rest_route=\/wp\/v2\/users\/1"}],"replies":[{"embeddable":true,"href":"https:\/\/margot-fischer.net\/index.php?rest_route=%2Fwp%2Fv2%2Fcomments&post=92"}],"version-history":[{"count":7,"href":"https:\/\/margot-fischer.net\/index.php?rest_route=\/wp\/v2\/pages\/92\/revisions"}],"predecessor-version":[{"id":753,"href":"https:\/\/margot-fischer.net\/index.php?rest_route=\/wp\/v2\/pages\/92\/revisions\/753"}],"up":[{"embeddable":true,"href":"https:\/\/margot-fischer.net\/index.php?rest_route=\/wp\/v2\/pages\/87"}],"wp:attachment":[{"href":"https:\/\/margot-fischer.net\/index.php?rest_route=%2Fwp%2Fv2%2Fmedia&parent=92"}],"curies":[{"name":"wp","href":"https:\/\/api.w.org\/{rel}","templated":true}]}}