{"id":921,"date":"2015-05-18T22:01:12","date_gmt":"2015-05-18T20:01:12","guid":{"rendered":"http:\/\/margot-fischer.net\/?page_id=921"},"modified":"2015-05-18T22:01:12","modified_gmt":"2015-05-18T20:01:12","slug":"robinienmousse","status":"publish","type":"page","link":"https:\/\/margot-fischer.net\/?page_id=921","title":{"rendered":"Robinienmousse"},"content":{"rendered":"<p><a href=\"http:\/\/margot-fischer.net\/wp-content\/uploads\/2015\/05\/Robinienmousse-4_schnitt_kl.jpg\"><img decoding=\"async\" loading=\"lazy\" class=\"aligncenter size-medium wp-image-923\" src=\"http:\/\/margot-fischer.net\/wp-content\/uploads\/2015\/05\/Robinienmousse-4_schnitt_kl-283x300.jpg\" alt=\"Robinienmousse (4)_schnitt_kl\" width=\"283\" height=\"300\" srcset=\"https:\/\/margot-fischer.net\/wp-content\/uploads\/2015\/05\/Robinienmousse-4_schnitt_kl-283x300.jpg 283w, https:\/\/margot-fischer.net\/wp-content\/uploads\/2015\/05\/Robinienmousse-4_schnitt_kl-967x1024.jpg 967w, https:\/\/margot-fischer.net\/wp-content\/uploads\/2015\/05\/Robinienmousse-4_schnitt_kl.jpg 1300w\" sizes=\"(max-width: 283px) 100vw, 283px\" \/><\/a>250 g Joghurt<\/p>\n<p>250 g Schlagobers (Sahne)<\/p>\n<p>60 g Robiniensirup<\/p>\n<p>1 TL Akazienhonig<\/p>\n<p>7 Blatt Gelatine oder 1 geh\u00e4ufter TL Agar Agar<\/p>\n<p>Robinienbl\u00fcten<\/p>\n<p>&nbsp;<\/p>\n<p>Weiche die Gelatine in etwas kaltem Wasser ein. Erw\u00e4rme die Gelatine mit Wasser und Honig bis der Honig und die Gelatine oder Agar Agar aufgel\u00f6st sind. R\u00fchre den Robiniensirup und die Gelatine oder Agar Agar in das Joghurt. Schlage das Obers steif und hebe es mit einigen Bl\u00fcten unter die Joghurtmasse. Gie\u00dfe die Mischung in kalt ausgesp\u00fclte F\u00f6rmchen und lasse sie im K\u00fchlschrank 2 &#8211; 3 Stunden erstarren. St\u00fcrze das Mousse auf Teller und serviere mit Robinienbl\u00fcten.<\/p>\n","protected":false},"excerpt":{"rendered":"<p>250 g Joghurt 250 g Schlagobers (Sahne) 60 g Robiniensirup 1 TL Akazienhonig 7 Blatt Gelatine oder 1 geh\u00e4ufter TL Agar Agar Robinienbl\u00fcten &nbsp; Weiche die Gelatine in etwas kaltem Wasser ein. Erw\u00e4rme die Gelatine mit Wasser und Honig bis &hellip; <a href=\"https:\/\/margot-fischer.net\/?page_id=921\">Weiterlesen <span class=\"meta-nav\">&rarr;<\/span><\/a><\/p>\n","protected":false},"author":1,"featured_media":0,"parent":156,"menu_order":0,"comment_status":"open","ping_status":"open","template":"","meta":[],"_links":{"self":[{"href":"https:\/\/margot-fischer.net\/index.php?rest_route=\/wp\/v2\/pages\/921"}],"collection":[{"href":"https:\/\/margot-fischer.net\/index.php?rest_route=\/wp\/v2\/pages"}],"about":[{"href":"https:\/\/margot-fischer.net\/index.php?rest_route=\/wp\/v2\/types\/page"}],"author":[{"embeddable":true,"href":"https:\/\/margot-fischer.net\/index.php?rest_route=\/wp\/v2\/users\/1"}],"replies":[{"embeddable":true,"href":"https:\/\/margot-fischer.net\/index.php?rest_route=%2Fwp%2Fv2%2Fcomments&post=921"}],"version-history":[{"count":2,"href":"https:\/\/margot-fischer.net\/index.php?rest_route=\/wp\/v2\/pages\/921\/revisions"}],"predecessor-version":[{"id":924,"href":"https:\/\/margot-fischer.net\/index.php?rest_route=\/wp\/v2\/pages\/921\/revisions\/924"}],"up":[{"embeddable":true,"href":"https:\/\/margot-fischer.net\/index.php?rest_route=\/wp\/v2\/pages\/156"}],"wp:attachment":[{"href":"https:\/\/margot-fischer.net\/index.php?rest_route=%2Fwp%2Fv2%2Fmedia&parent=921"}],"curies":[{"name":"wp","href":"https:\/\/api.w.org\/{rel}","templated":true}]}}