{"id":927,"date":"2015-05-20T19:46:09","date_gmt":"2015-05-20T17:46:09","guid":{"rendered":"http:\/\/margot-fischer.net\/?page_id=927"},"modified":"2021-06-30T19:21:25","modified_gmt":"2021-06-30T17:21:25","slug":"presse","status":"publish","type":"page","link":"https:\/\/margot-fischer.net\/?page_id=927","title":{"rendered":"Medien Echo Wilde Gen\u00fcsse"},"content":{"rendered":"<div class=\"maincontainer\">\n<article class=\"short margint10\" data-content=\"108129374\">\n<section><strong><\/strong><strong><a title=\"internal link: http:\/\/schaufenster.diepresse.com\/home\/gourmet\/gourmetnews\/4730094\/Kostnotiz_Wilde-Genusse\" href=\"http:\/\/schaufenster.diepresse.com\/home\/gourmet\/gourmetnews\/4730094\/Kostnotiz_Wilde-Genusse\"><br \/>\n<\/a><\/strong><\/p>\n<div class=\"clTextDiv\">\n<h3>Margot Fischer<\/h3>\n<hr class=\"clAlways\"\/>\n<p><br class=\"clTitleH3\"\/><br \/>\nPRESSESTIMMEN:<\/p>\n<p><strong> <a href=\"https:\/\/kurier.at\/leben\/kraeuterwanderung-wilde-welten-entdecken\/264.857.805\" target=\"_blank\" rel=\"noopener noreferrer\"> \u00bbSo schmecken Wald und Wiese\u00ab: Marlene Patsalidis begleitete Margot Fischer auf einer ihrer Kr\u00e4uterwanderungen und berichtet ausf\u00fchrlich dar\u00fcber im Sonntags-Kurier vom 21.Mai 2017. <\/a><\/strong><\/p>\n<p>An einem sonnigen Tag Anfang Oktober 2016 spazieren Margot Fischer und Julia Kospach gemeinsam durch die Auen des Wiener Praters. Entstanden ist dabei das Portrait einer bemerkenswerten Frau mit vielen Talenten, das unter dem Titel <strong> <a href=\"https:\/\/www.mandelbaum.at\/docs\/437428549.pdf\">\u00bbDie Pflanzenwissen-Zusammenf\u00fcgerin\u00ab im Falter Nr.41\/2016, Seiten 51-53 <\/a><\/strong> erschienen ist.<\/p>\n<p>\u00bbAlles, was man \u00fcber essbare Wildpflanzen wissen muss, erf\u00e4hrt man nun hier: Etymologie, Mythologie und Volksglaube, medizinische und kulinarische Verwendung. Dazu gibt es \u00fcber 200 medizinische und an die 400 kulinarische Zubereitungsanleitungen. Weiters sind zu allen Pflanzen auch vegane und RawFood Rezepte angef\u00fchrt.<br \/>\nSomit sind zwei wundersch\u00f6ne B\u00e4nde in einem Schuber entstanden. Ein Schmuckst\u00fcck f\u00fcr jede Bibliothek und eine Schatztruhe an Informationen\u00ab, so beurteilt die <strong> <a href=\"http:\/\/www.oepb.at\/rezensionen\/enzyklopaedie-und-kochbuch-wilde-genuesse.html\" target=\"_blank\" rel=\"noopener noreferrer\"> Redaktion des \u00d6sterreichischen Presseb\u00fcros<\/a><\/strong> am 08. J\u00e4nner 2015 das Buch!<\/p>\n<p>\u00bbEssen statt j\u00e4ten\u00ab, titelt die Zeitschrift <strong><a href=\"https:\/\/www.mandelbaum.at\/docs\/132194071.pdf\">\u00bbDie Landwirtschaft\u00ab<\/a><\/strong> der N\u00d6-Landwirtschaftskammer in ihrer Ausgabe vom Juli 2015.<\/p>\n<p><strong> <a class=\"externalLink\" href=\"http:\/\/schaufenster.diepresse.com\/home\/gourmet\/gourmetnews\/4730094\/Kostnotiz_Wilde-Genusse\" target=\"_blank\" rel=\"noopener noreferrer\"> Anna Burghardt schreibt am 12.05.2015 in \u00bbDie Presse &#8211; Schaufenster\u00ab <\/a><\/strong>:<br \/>\n\u00bbG\u00fcnsel-Forelle, Fuchsschwanz-Popcornkonfekt, Natternkopf-Torte, Hauhechel-Lik\u00f6r, Taubenkropf-K\u00fcchlein, Beinwell-Souffl\u00e9: Manche Begriffe in Margot Fischers Wildkr\u00e4uter-Opus-Magnum \u203aWilde Gen\u00fcsse\u2039 klingen so, als ob eine Gruppe achtj\u00e4hriger Pfadfinder sich unter Mordsgekicher fiktive Rezepte ausgedacht h\u00e4tte. Tats\u00e4chlich aber handelt es sich bei den seltsamen Namen um Wildkr\u00e4uter, die die Autorin in ihrer Koch-Enzyklop\u00e4die dokumentiert hat. Margot Fischer, Ern\u00e4hrungswissenschaftlerin und Anglistin, hat schon bei der \u00dcbersetzung von Claudia Rodens sehr empfehlenswertem Standardwerk \u00bbDas Buch der j\u00fcdischen K\u00fcche\u00ab (ebenfalls im Mandelbaum-Verlag erschienen) bewiesen, dass sie geh\u00f6rige Ausdauer besitzt. In zwei B\u00e4nden werden Kr\u00e4uter von Ackerdill bis Zirbe samt Merkmalen und Inhaltsstoffen sowie Rezepte versammelt.<\/p>\n<p><strong> <a href=\"https:\/\/www.mandelbaum.at\/docs\/900186761.pdf\"> \u00bbWer seine Kochgewohnheiten mit wertvollem alten Wissen bereichern m\u00f6chte, kommt an diesem Standardwerk nicht vorbei!!\u00ab <\/a><\/strong>, schreibt Stefan Kickinger in der Februar Ausgabe 2015 des Genuss-Magazins!<\/p>\n<p>\u00bbKennen Sie den Gemeinen Portulak? Oder Affodil?\u00ab<br \/>\n<strong><a class=\"externalLink\" href=\"http:\/\/kurier.at\/lebensart\/genuss\/in-diesen-gerichten-ist-fleisch-ueberfluessig\/108.129.374\" target=\"_blank\" rel=\"noopener noreferrer\"> fragt Ingrid Teufl im Kurier vom 16.01.2015 und schreibt weiter: <\/a><\/strong>\u00bbMargot Fischer sind essbare Wildpflanzen wie diese ebenso vertraut wie B\u00e4rlauch, Edelkastanie oder Holunder. Die Kr\u00e4uterexpertin besch\u00e4ftigt sich seit vielen Jahren mit dem Pflanzenreichtum der Natur und dessen Einsatz in der K\u00fcche.<br \/>\nDaher sind ihre \u203aWilde Gen\u00fcsse\u2039 auch in eine Enzyklop\u00e4die mit umfangreichen Pflanzeninfos und ein Kochbuch gegliedert. Dazu gibt es extra gekennzeichnete Rezepte f\u00fcr Heilanwendungen. Als besonderes Schmankerl hat die Autorin RawFood-Rezepte in ihre Sammlung integriert. Da gibt es unter anderem Nelkenwurztrunk, Ehrenpreis-Torte oder Sauerklee-Kaltschale zu finden.\u00ab<\/p>\n<p><strong> <a href=\"https:\/\/www.mandelbaum.at\/docs\/193167072.pdf\"> \u00bbSo schmeckt Wiese\u00ab <\/a><\/strong>, titelt NEWS Heimat im M\u00e4rz 2015 und schreibt weiter: \u00bbIn naturbelassenen Wiesen und entlang der Wanderwege wachsen K\u00f6stlichkeiten, die v\u00f6llig zu Unrecht als Unkr\u00e4uter bezeichnet werden. Eine kulinarische Rehabilitierung.\u00ab<\/p>\n<p><strong> <a href=\"https:\/\/www.mandelbaum.at\/docs\/549253939.pdf\"> \u00bbDie Anleitung zum kultivierten Aufessen sowie zum Sammeln, Aufbewahren und Anwenden &#8230; \u00ab<\/a><\/strong> in S\u00fcdwind April 2015.<\/p>\n<p>Als <strong>Ein sch\u00f6nes Kompendium vergessenen Wissens <\/strong> bezeichnet Tania Martini das Buch am 06.12.2014 in der Berliner <strong><a class=\"externalLink\" href=\"http:\/\/www.taz.de\/1\/archiv\/digitaz\/artikel\/?ressort=sp&amp;dig=2014%2F12%2F06%2Fa0169&amp;cHash=113aa22020b7c5261678acad5cdef55b\" target=\"_blank\" rel=\"noopener noreferrer\">taz<\/a><\/strong>: \u00bbGanze 1.500 essbare Wildpflanzen wachsen auf den Feldern, Wiesen, Bergen und G\u00e4rten Mitteleuropas, und f\u00fcr fast alle haben wir ein einziges Wort: Unkraut. Kann es wirklich sein, dass der Mensch inmitten von so viel Sinnlosigkeit vegetiert? Die \u00f6sterreichische Ern\u00e4hrungswissenschaftlerin Margot Fischer streitet seit vielen Jahren f\u00fcr das Unkraut. Esst das Unkraut, anstatt es chemisch zu bek\u00e4mpfen!, lautet ihr erfolgreiches Credo. Ihre Enzyklop\u00e4die der essbaren Wildpflanzen ist mittlerweile ein Klassiker. \u00dcbersichtlich informiert sie \u00fcber Aussehen, Sammelzeit und medizinische Heilwirkungen der Pflanzen. Der Mandelbaum Verlag hat die Enzyklop\u00e4die nun in erweiterter Form zusammen mit einem Rezeptbuch in einem sch\u00f6n gestalteten Schuber herausgebracht. Ein sch\u00f6nes Kompendium vergessenen Wissens.\u00ab<\/p>\n<p><strong> <a class=\"externalLink\" href=\"http:\/\/oe1.orf.at\/programm\/366298\" target=\"_blank\" rel=\"noopener noreferrer\"> Margot Fischer zu Gast im Kulturradio \u00d61, bei Natasa Konopitzky in der Sendung \u00bbVon Tag zu Tag\u00ab <\/a><\/strong> am Donnerstag, 20. M\u00e4rz 2014. Die Autorin der Enzyklop\u00e4die \u00bbWilde Gen\u00fcsse\u00ab im Gespr\u00e4ch \u00fcber Heilkr\u00e4uter, Unkraut und \u00bbwilde\u00ab Kochrezepte.<\/p>\n<p>Gundelreben-Polenta und Beinwell-Souffl\u00e9 &#8230; diese au\u00dfergew\u00f6hnlichen Rezepte hebt das Nationalparks Austria Magazin <strong><a href=\"https:\/\/www.mandelbaum.at\/docs\/459671177.pdf\">natur.belassen<\/a><\/strong> in seiner Rezension hervor. Ausgabe 06\/2014 .<\/p>\n<p>Prof. Lothar Kolmer empfiehlt in <strong><a class=\"externalLink\" href=\"http:\/\/www.epikur-journal.at\/de\/ausgabe\/detail.asp?id=119&amp;art=Rezension&amp;tit=FISCHER%2520Margot%3A%2520Wilde%2520Genuesse\" target=\"_blank\" rel=\"noopener noreferrer\"> EPIKUR, dem Journal f\u00fcr Gastrosophie<\/a><\/strong>.<\/p>\n<p>Empfehlung in \u00bbErlesenes\u00ab:<br \/>\n\u00bbAuf ausgefallenen Wegen bewegt sich Allroundtalent Margot Fischer seit vielen Jahren. Sie rehabilitierte etwa das Unkraut und empfahl es besser aufzuessen, als aufw\u00e4ndig chemisch zu vernichten. Zu diesem Zweck erstellte sie detail- und kenntnisreich eine Enzyklop\u00e4die der essbaren Wildpflanzen, die unter dem Titel \u203aWilde Gen\u00fcsse\u2039 zum Standardwerk avancierte. Nun erscheint der Klassiker in wundersch\u00f6ner Aufmachung, Rezeptteil und Enzyklop\u00e4die sind aufgeteilt auf 2 B\u00e4nde, vereint in einem fein illustrierten Schuber. Exakte Fotoabbildungen erleichtern das Erkennen der Pflanzen, die Rezepte sind zeitgem\u00e4\u00df um eine vegane Variante erweitert!\u00ab<\/p>\n<p>Kleine Kr\u00e4uterkunde in <strong> <a href=\"https:\/\/www.mandelbaum.at\/docs\/208005012.pdf\"> NEWS 14\/12<\/a><\/strong> von Axel Meister.<\/p>\n<p>\u00bbWenn Unkraut nie vergeht &#8211; warum nicht mal was leckeres draus machen? Das dachte sich wohl auch Margot Fischer, die mehr als 200 Pflanzen und ca. 500 brandneue Rezepte zu diesem Thema in ihr neues Buch gepackt hat. Altbekannte Wegbegleiter wie das G\u00e4nsebl\u00fcmchen haben hier ihren gro\u00dfen Auftritt, wir finden sogar ein interessantes Rezept f\u00fcr \u203aMinzsenf\u2039. Gesund und Lecker allemal!\u00ab, schreibt das deutsche <strong> <a href=\"http:\/\/koch-und-lebenskunst.de\/kulinarischebibliothek\/kraeuter-und-spezereien\/\" target=\"_blank\" rel=\"noopener noreferrer\"> Institut f\u00fcr Koch- und Lebenskunst <\/a><\/strong>.<\/p>\n<\/div>\n<p><strong><a title=\"internal link: http:\/\/schaufenster.diepresse.com\/home\/gourmet\/gourmetnews\/4730094\/Kostnotiz_Wilde-Genusse\" href=\"http:\/\/schaufenster.diepresse.com\/home\/gourmet\/gourmetnews\/4730094\/Kostnotiz_Wilde-Genusse\">Anna Burghardt schreibt am 12.05.2015 in &#8222;Die Presse &#8211; Schaufenster&#8220; <\/a><\/strong><br \/>\n&#8222;G\u00fcnsel-Forelle, Fuchsschwanz-Popcornkonfekt, Natternkopf-Torte, Hauhechel-Lik\u00f6r, Taubenkropf-K\u00fcchlein, Beinwell-Souffl\u00e9: Manche Begriffe in Margot Fischers Wildkr\u00e4uter-Opus-Magnum &#8222;Wilde Gen\u00fcsse&#8220; klingen so, als ob eine Gruppe achtj\u00e4hriger Pfadfinder sich unter Mordsgekicher fiktive Rezepte ausgedacht h\u00e4tte. Tats\u00e4chlich aber handelt es sich bei den seltsamen Namen um Wildkr\u00e4uter, die die Autorin in ihrer Koch-Enzyklop\u00e4die dokumentiert hat. Margot Fischer, Ern\u00e4hrungswissenschaftlerin und Anglistin, hat schon bei der \u00dcbersetzung von Claudia Rodens sehr empfehlenswertem Standardwerk &#8222;Das Buch der j\u00fcdischen K\u00fcche&#8220; (ebenfalls im Mandelbaum-Verlag erschienen) bewiesen, dass sie geh\u00f6rige Ausdauer besitzt. In zwei B\u00e4nden werden Kr\u00e4uter von Ackerdill bis Zirbe samt Merkmalen und Inhaltsstoffen sowie Rezepte versammelt.<\/p>\n<\/section>\n<section><strong><a title=\"internal link:  http:\/\/www.mandelbaum.at\/documents\/900186761.pdf\" href=\"http:\/\/www.mandelbaum.at\/documents\/900186761.pdf\">&#8222;Wer seine Kochgewohnheiten mit wertvollem alten Wissen bereichern m\u00f6chte, kommt an diesem Standardwerk nicht vorbei!!&#8220; <\/a><\/strong>schreibt Stefan Kickinger in der Februar Ausgabe 2015 des Genuss-Magazins<\/section>\n<section><\/section>\n<\/article>\n<section><span style=\"color: #3366ff;\"><strong>\u00d61 Moment Kulinarium<\/strong> <\/span>3. April 2015 14:40&nbsp; http:\/\/oe1.orf.at\/programm\/401048<\/section>\n<\/div>\n<section><\/section>\n<div class=\"maincontainer\">\n<article class=\"short margint10\" data-content=\"108129374\">\n<section>&#8222;Kennen Sie den Gemeinen Portulak? Oder Affodil?&#8220; <strong><a title=\"internal link: http:\/\/kurier.at\/lebensart\/genuss\/in-diesen-gerichten-ist-fleisch-ueberfluessig\/108.129.374\" href=\"http:\/\/kurier.at\/lebensart\/genuss\/in-diesen-gerichten-ist-fleisch-ueberfluessig\/108.129.374\"> fragt Ingrid Teufl im Kurier vom 16.01.2015 und schreibt weiter: <\/a><\/strong>&#8222;Margot Fischer sind essbare Wildpflanzen wie diese ebenso vertraut wie B\u00e4rlauch, Edelkastanie oder Holunder. Die Kr\u00e4uterexpertin besch\u00e4ftigt sich seit vielen Jahren mit dem Pflanzenreichtum der Natur und? und dessen Einsatz in der K\u00fcche.<br \/>\nDaher sind ihre &#8222;Wilde Gen\u00fcsse&#8220; auch in eine Enzyklop\u00e4die mit umfangreichen Pflanzeninfos und ein Kochbuch gegliedert. Dazu gibt es extra gekennzeichnete Rezepte f\u00fcr Heilanwendungen. Als besonderes Schmankerl hat die Autorin RawFood-Rezepte in ihre Sammlung integriert. Da gibt es unter anderem Nelkenwurztrunk, Ehrenpreis-Torte oder Sauerklee-Kaltschale zu finden.&#8220;<\/section>\n<\/article>\n<\/div>\n<section><strong><a title=\"internal link:  http:\/\/www.mandelbaum.at\/documents\/193167072.pdf\" href=\"http:\/\/www.mandelbaum.at\/documents\/193167072.pdf\">So schmeckt Wiese&#8220; <\/a><\/strong>titelt NEWS Heimat im M\u00e4rz 2015 und schreibt weiter &#8222;In naturbelassenen Wiesen und entlang der Wanderwege wachsen K\u00f6stlichkeiten, die v\u00f6llig zu Unrecht als Unkr\u00e4uter bezeichnet werden. Eine kulinarische Rehabilitierung&#8220;.<strong><a title=\"internal link:  http:\/\/www.mandelbaum.at\/documents\/549253939.pdf\" href=\"http:\/\/www.mandelbaum.at\/documents\/549253939.pdf\">&#8222;Die Anleitung zum kultivierten Aufessen sowie zum Sammeln, Aufbewahren und Anwenden &#8230; &#8220; <\/a><\/strong>in S\u00fcdwind April 2015.<\/section>\n<div class=\"maincontainer\">\n<article class=\"short margint10\" data-content=\"108129374\">\n<section><\/section>\n<section>Als <strong>Ein sch\u00f6nes Kompendium vergessenen Wissens <\/strong> bezeichnet Tania Martini das Buch am 06.12.2014 in der Berliner <strong><a title=\"internal link: http:\/\/www.taz.de\/1\/archiv\/digitaz\/artikel\/?ressort=sp&amp;dig=2014%2F12%2F06%2Fa0169&amp;cHash=113aa22020b7c5261678acad5cdef55b\" href=\"http:\/\/www.taz.de\/1\/archiv\/digitaz\/artikel\/?ressort=sp&amp;dig=2014%2F12%2F06%2Fa0169&amp;cHash=113aa22020b7c5261678acad5cdef55b\">taz<\/a><\/strong>: &#8222;Ganze 1.500 essbare Wildpflanzen wachsen auf den Feldern, Wiesen, Bergen und G\u00e4rten Mitteleuropas, und f\u00fcr fast alle haben wir ein einziges Wort: Unkraut. Kann es wirklich sein, dass der Mensch inmitten von so viel Sinnlosigkeit vegetiert? Die \u00f6sterreichische Ern\u00e4hrungswissenschaftlerin Margot Fischer streitet seit vielen Jahren f\u00fcr das Unkraut. Esst das Unkraut, anstatt es chemisch zu bek\u00e4mpfen!, lautet ihr erfolgreiches Credo. Ihre Enzyklop\u00e4die der essbaren Wildpflanzen ist mittlerweile ein Klassiker. \u00dcbersichtlich informiert sie \u00fcber Aussehen, Sammelzeit und medizinische Heilwirkungen der Pflanzen. Der Mandelbaum Verlag hat die Enzyklop\u00e4die nun in erweiterter Form zusammen mit einem Rezeptbuch in einem sch\u00f6n gestalteten Schuber herausgebracht. Ein sch\u00f6nes Kompendium vergessenen Wissens.&#8220;<\/section>\n<section><\/section>\n<section>\u00d61 &#8211; Von Tag zu Tag:<br \/>\nAm Donnerstag, 20. M\u00e4rz 2014 um 14:05Uhr war Margot Fischer zu Gast bei Natasa Konopitzky in der Sendung &#8222;Von Tag zu Tag&#8220;. Margot Fischer im Gespr\u00e4ch \u00fcber Heilkr\u00e4uter, Unkraut und &#8222;wilde&#8220; Kochrezepte. Nachzulesen unter <strong> <a title=\"internal link: http:\/\/oe1.orf.at\/programm\/366298\" href=\"http:\/\/oe1.orf.at\/programm\/366298\">\u00d61<\/a><\/strong>.Gundelreben-Polenta und Beinwell-Souffl\u00e9 &#8230; diese au\u00dfergew\u00f6hnlichen Rezepte hebt das Nationalparks Austria Magazin <strong><a title=\"internal link: http:\/\/www.mandelbaum.at\/documents\/459671177.pdf\" href=\"http:\/\/www.mandelbaum.at\/documents\/459671177.pdf\">natur.belassen<\/a><\/strong> in seiner Rezension hervor. Ausgabe 06\/2014 .Prof. Lothar Kolmer empfiehlt in <strong><a title=\"internal link: http:\/\/www.epikur-journal.at\/de\/ausgabe\/detail.asp?id=119&amp;art=Rezension&amp;tit=FISCHER%2520Margot%3A%2520Wilde%2520Genuesse\" href=\"http:\/\/www.epikur-journal.at\/de\/ausgabe\/detail.asp?id=119&amp;art=Rezension&amp;tit=FISCHER%2520Margot%3A%2520Wilde%2520Genuesse\"> EPIKUR, dem Journal f\u00fcr Gastrosophie<\/a><\/strong>.Empfehlung in \u00bbErlesenes\u00ab:<br \/>\nAuf ausgefallenen Wegen bewegt sich Allroundtalent Margot Fischer seit vielen Jahren. Sie rehabilitierte etwa das Unkraut und empfahl es besser aufzuessen, als aufw\u00e4ndig chemisch zu vernichten. Zu diesem Zweck erstellte sie detail- und kenntnisreich eine Enzyklop\u00e4die der essbaren Wildpflanzen, die unter dem Titel &#8222;Wilde Gen\u00fcsse&#8220; zum Standardwerk avancierte. Nun erscheint der Klassiker in wundersch\u00f6ner Aufmachung, Rezeptteil und Enzyklop\u00e4die sind aufgeteilt auf 2 B\u00e4nde, vereint in einem fein illustrierten Schuber. Exakte Fotoabbildungen erleichtern das Erkennen der Pflanzen, die Rezepte sind zeitgem\u00e4\u00df um eine vegane Variante erweitert!Kleine Kr\u00e4uterkunde in <strong><a title=\"internal link:  http:\/\/www.mandelbaum.at\/documents\/208005012.pdf\" href=\"http:\/\/www.mandelbaum.at\/documents\/208005012.pdf\">NEWS 14\/12<\/a><\/strong> von Axel Meister.&#8220;Wenn Unkraut nie vergeht &#8211; warum nicht mal was leckeres draus machen? Das dachte sich wohl auch Margot Fischer, die mehr als 200 Pflanzen und ca. 500 brandneue Rezepte zu diesem Thema in ihr neues Buch gepackt hat. Altbekannte Wegbegleiter wie das G\u00e4nsebl\u00fcmchen haben hier ihren gro\u00dfen Auftritt, wir finden sogar ein interessantes Rezept f\u00fcr &#8222;Minzsenf?. Gesund und Lecker allemal!&#8220; schreibt das deutsche <strong><a title=\"internal link:  http:\/\/koch-und-lebenskunst.de\/kulinarischebibliothek\/kraeuter-und-spezereien\/\" href=\"http:\/\/koch-und-lebenskunst.de\/kulinarischebibliothek\/kraeuter-und-spezereien\/\">Institut f\u00fcr Koch- und Lebenskunst <\/a><\/strong>.<\/section>\n<div class=\"editedBy open9 blockletters marginb20 margint20\"><\/div>\n<\/article>\n<\/div>\n","protected":false},"excerpt":{"rendered":"<p>Margot Fischer PRESSESTIMMEN: \u00bbSo schmecken Wald und Wiese\u00ab: Marlene Patsalidis begleitete Margot Fischer auf einer ihrer Kr\u00e4uterwanderungen und berichtet ausf\u00fchrlich dar\u00fcber im Sonntags-Kurier vom 21.Mai 2017. An einem sonnigen Tag Anfang Oktober 2016 spazieren Margot Fischer und Julia Kospach gemeinsam &hellip; <a href=\"https:\/\/margot-fischer.net\/?page_id=927\">Weiterlesen <span class=\"meta-nav\">&rarr;<\/span><\/a><\/p>\n","protected":false},"author":1,"featured_media":0,"parent":26,"menu_order":0,"comment_status":"open","ping_status":"open","template":"","meta":[],"_links":{"self":[{"href":"https:\/\/margot-fischer.net\/index.php?rest_route=\/wp\/v2\/pages\/927"}],"collection":[{"href":"https:\/\/margot-fischer.net\/index.php?rest_route=\/wp\/v2\/pages"}],"about":[{"href":"https:\/\/margot-fischer.net\/index.php?rest_route=\/wp\/v2\/types\/page"}],"author":[{"embeddable":true,"href":"https:\/\/margot-fischer.net\/index.php?rest_route=\/wp\/v2\/users\/1"}],"replies":[{"embeddable":true,"href":"https:\/\/margot-fischer.net\/index.php?rest_route=%2Fwp%2Fv2%2Fcomments&post=927"}],"version-history":[{"count":11,"href":"https:\/\/margot-fischer.net\/index.php?rest_route=\/wp\/v2\/pages\/927\/revisions"}],"predecessor-version":[{"id":1415,"href":"https:\/\/margot-fischer.net\/index.php?rest_route=\/wp\/v2\/pages\/927\/revisions\/1415"}],"up":[{"embeddable":true,"href":"https:\/\/margot-fischer.net\/index.php?rest_route=\/wp\/v2\/pages\/26"}],"wp:attachment":[{"href":"https:\/\/margot-fischer.net\/index.php?rest_route=%2Fwp%2Fv2%2Fmedia&parent=927"}],"curies":[{"name":"wp","href":"https:\/\/api.w.org\/{rel}","templated":true}]}}