{"id":97,"date":"2012-08-24T20:15:27","date_gmt":"2012-08-24T18:15:27","guid":{"rendered":"http:\/\/wp11057762.wp371.webpack.hosteurope.de\/.margot-fischer.net\/?page_id=97"},"modified":"2013-06-13T23:16:09","modified_gmt":"2013-06-13T21:16:09","slug":"kinderkochbucher","status":"publish","type":"page","link":"https:\/\/margot-fischer.net\/?page_id=97","title":{"rendered":"Kinderkochb\u00fccher"},"content":{"rendered":"<p>Meine Kinderkochb\u00fccher bieten neben vielen Rezepten, die auch schon von den ganz Kleinen bereitet werden k\u00f6nnen, zahlreiche Informationen \u00fcber Lebensmittel und Kultur, dazu Spiele und Tipps f\u00fcr die Gestaltung von Parties.<\/p>\n","protected":false},"excerpt":{"rendered":"<p>Meine Kinderkochb\u00fccher bieten neben vielen Rezepten, die auch schon von den ganz Kleinen bereitet werden k\u00f6nnen, zahlreiche Informationen \u00fcber Lebensmittel und Kultur, dazu Spiele und Tipps f\u00fcr die Gestaltung von Parties.<\/p>\n","protected":false},"author":1,"featured_media":0,"parent":92,"menu_order":0,"comment_status":"closed","ping_status":"open","template":"","meta":[],"_links":{"self":[{"href":"https:\/\/margot-fischer.net\/index.php?rest_route=\/wp\/v2\/pages\/97"}],"collection":[{"href":"https:\/\/margot-fischer.net\/index.php?rest_route=\/wp\/v2\/pages"}],"about":[{"href":"https:\/\/margot-fischer.net\/index.php?rest_route=\/wp\/v2\/types\/page"}],"author":[{"embeddable":true,"href":"https:\/\/margot-fischer.net\/index.php?rest_route=\/wp\/v2\/users\/1"}],"replies":[{"embeddable":true,"href":"https:\/\/margot-fischer.net\/index.php?rest_route=%2Fwp%2Fv2%2Fcomments&post=97"}],"version-history":[{"count":5,"href":"https:\/\/margot-fischer.net\/index.php?rest_route=\/wp\/v2\/pages\/97\/revisions"}],"predecessor-version":[{"id":423,"href":"https:\/\/margot-fischer.net\/index.php?rest_route=\/wp\/v2\/pages\/97\/revisions\/423"}],"up":[{"embeddable":true,"href":"https:\/\/margot-fischer.net\/index.php?rest_route=\/wp\/v2\/pages\/92"}],"wp:attachment":[{"href":"https:\/\/margot-fischer.net\/index.php?rest_route=%2Fwp%2Fv2%2Fmedia&parent=97"}],"curies":[{"name":"wp","href":"https:\/\/api.w.org\/{rel}","templated":true}]}}