{"id":976,"date":"2015-12-22T02:35:45","date_gmt":"2015-12-22T00:35:45","guid":{"rendered":"http:\/\/margot-fischer.net\/?page_id=976"},"modified":"2021-06-30T19:23:04","modified_gmt":"2021-06-30T17:23:04","slug":"medien-echo-rote-ruebe","status":"publish","type":"page","link":"https:\/\/margot-fischer.net\/?page_id=976","title":{"rendered":"Medien Echo rote R\u00fcbe"},"content":{"rendered":"\n<figure class=\"wp-block-image size-large is-resized\"><img decoding=\"async\" loading=\"lazy\" src=\"http:\/\/margot-fischer.net\/wp-content\/uploads\/2015\/09\/RoteR\u00fcbe-593x1024.jpg\" alt=\"\" class=\"wp-image-957\" width=\"236\" height=\"407\"\/><\/figure>\n\n\n\n<p><br \/><br \/>Armin Thurnher in FALTER 41\/2015 vom 09.10.2015 (S. 54):<br \/>\u00bbDer sympathische Mandelbaum Verlag kreiert eine neue Reihe: Kleine Gourmandisen. Ohne Fotos, nur mit kluger, knapper Kulturgeschichte und Rezepten zu jeweils einem Lebensmittel, zuerst Rote R\u00fcbe, Maroni und Quitte. Im gleichen Verlag erscheint Von Mauracheln und krausem Ziegenbart. Pilzgerichte in Kochb\u00fcchern aus zwei Jahrhunderten. Autorin Helga Haas geht bis 1918; so nimmt sie noch das Aufkommen des Vegetarismus mit. Ein Kochbuchautor sprach damals von der \u203aZukunftsk\u00fcche\u2039 als \u203aletztem Rettungsanker zur Verh\u00fctung v\u00f6lliger Entartung der Menschheit\u2039. Lesenswert.\u00ab<br \/><br \/>\u00bbRendezvous mit Gourmandisen &#8211; Quitte, Maroni und Roter R\u00fcbe\u00ab, titelt Helga Gartner am 23.10.2015 in der Tageszeitung <strong><a rel=\"noreferrer noopener\" target=\"_blank\" href=\"http:\/\/derstandard.at\/2000024391141\/Rendezvous-mit-Quitte-Maroni-und-Rote-Ruebe?_slide=1\">Der Standard<\/a><\/strong> und schreibt weiter: \u00bbDer Herbst macht sich mit bunten Bl\u00e4ttern und mehr Zeit zum Lesen bemerkbar. Die drei neuen B\u00fcchlein aus dem Verlag Mandelbaum sind eine gelungenes Angebot daf\u00fcr. Sorgf\u00e4ltig recherchiert, launig beschrieben und wundersch\u00f6n anzusehen, nehmen sie sich dreier herbstlicher Lebensmittel an.\u00ab<br \/><br \/>Auch die <strong><a rel=\"noreferrer noopener\" target=\"_blank\" href=\"http:\/\/www.flaneurin.at\/pages\/aktuelles.php\">Stadtflaneurin<\/a><\/strong> Barbara Denscher berichtet auf Ihrer Homepage \u00fcber die Kleinen Gourmandisen (11.10.2015): \u00bb&#8230; Ausgesuchte Geschmackserlebnisse liefert Fischer dann mit einer Reihe von Rezepten, die von Kuriosem, wie etwa Rote R\u00fcbe als Kakaoersatz und einem Rote R\u00fcben-Gugelhupf, \u00fcber internationale Spezialit\u00e4ten, wie Rote R\u00fcben-Dip aus \u00c4gypten, russischem Borschtsch und italienischen Rote R\u00fcben-Teigtaschen, bis zu einem Rote R\u00fcben-Smoothie und einer Rote R\u00fcben-Quiche reichen. Und, so verr\u00e4t Margot Fischer, auch als Gesichtsmaske sind Rote R\u00fcben durchaus zu empfehlen.\u00ab<\/p>\n\n\n<table style=\"height: 467px;\" width=\"606\" cellspacing=\"5\" cellpadding=\"0\" border=\"0\">\n<tbody>\n<tr>\n<td colspan=\"3\"><strong>Kulinarisch-literarische Perlen<\/strong><br \/>Der Wiener Verlag Mandelbaum ist l\u00e4ngst schon aufgefallen durch seine wundersch\u00f6nen literarischen Kochb\u00fccher. Seit diesem Jahr kommt&nbsp; aus dieser Werkstatt des sch\u00f6nen Buches eine neue Reihe, die mit \u201eGourmandisen\u201c umschrieben wird. Zum Start kamen die Quitte, die Esskastanie, besser bekannt als Marone und die Rote R\u00fcbe bibliophil zwischen zwei Buchdeckel. Die gelbe Frucht wird schon seit 4000 Jahren kultiviert, die Esskastanie f\u00fchrt gerade einen Siegeszug durch die Spitzenk\u00fcche und das aus Kindertagen ungeliebte rote Gem\u00fcse, fr\u00fcher vorzugsweise aus dem Glas, ist ein therapeutisches Wunderwerk der Natur. Die Autoren der drei B\u00fccher bieten nicht nur eine brillant erz\u00e4hlte Kulturgeschichte, ganz praktisch warten sie auch mit einer Warenkunde auf; und nicht zu vergessen all die leckeren Rezepte, die diese drei Kleinode f\u00fcr Sammler von K\u00fcchenliteratur &nbsp;so wertvoll machen.<\/td>\n<\/tr>\n<tr>\n<td height=\"180\">&nbsp;<\/td>\n<td>&nbsp;&nbsp; <\/td>\n<td>&nbsp;&nbsp; <\/td>\n<td>&nbsp;&nbsp; <\/td>\n<\/tr>\n<\/tbody>\n<\/table>","protected":false},"excerpt":{"rendered":"<p>Armin Thurnher in FALTER 41\/2015 vom 09.10.2015 (S. 54):\u00bbDer sympathische Mandelbaum Verlag kreiert eine neue Reihe: Kleine Gourmandisen. Ohne Fotos, nur mit kluger, knapper Kulturgeschichte und Rezepten zu jeweils einem Lebensmittel, zuerst Rote R\u00fcbe, Maroni und Quitte. Im gleichen Verlag &hellip; <a href=\"https:\/\/margot-fischer.net\/?page_id=976\">Weiterlesen <span class=\"meta-nav\">&rarr;<\/span><\/a><\/p>\n","protected":false},"author":1,"featured_media":0,"parent":955,"menu_order":0,"comment_status":"open","ping_status":"open","template":"","meta":[],"_links":{"self":[{"href":"https:\/\/margot-fischer.net\/index.php?rest_route=\/wp\/v2\/pages\/976"}],"collection":[{"href":"https:\/\/margot-fischer.net\/index.php?rest_route=\/wp\/v2\/pages"}],"about":[{"href":"https:\/\/margot-fischer.net\/index.php?rest_route=\/wp\/v2\/types\/page"}],"author":[{"embeddable":true,"href":"https:\/\/margot-fischer.net\/index.php?rest_route=\/wp\/v2\/users\/1"}],"replies":[{"embeddable":true,"href":"https:\/\/margot-fischer.net\/index.php?rest_route=%2Fwp%2Fv2%2Fcomments&post=976"}],"version-history":[{"count":3,"href":"https:\/\/margot-fischer.net\/index.php?rest_route=\/wp\/v2\/pages\/976\/revisions"}],"predecessor-version":[{"id":1417,"href":"https:\/\/margot-fischer.net\/index.php?rest_route=\/wp\/v2\/pages\/976\/revisions\/1417"}],"up":[{"embeddable":true,"href":"https:\/\/margot-fischer.net\/index.php?rest_route=\/wp\/v2\/pages\/955"}],"wp:attachment":[{"href":"https:\/\/margot-fischer.net\/index.php?rest_route=%2Fwp%2Fv2%2Fmedia&parent=976"}],"curies":[{"name":"wp","href":"https:\/\/api.w.org\/{rel}","templated":true}]}}